{"id":288,"date":"2024-08-27T16:36:17","date_gmt":"2024-08-27T16:36:17","guid":{"rendered":"https:\/\/icultur.gov.co\/Festijazzmompox2024\/?page_id=288"},"modified":"2024-09-11T15:30:35","modified_gmt":"2024-09-11T20:30:35","slug":"programacion","status":"publish","type":"page","link":"https:\/\/icultur.gov.co\/Festijazzmompox2024\/programacion\/","title":{"rendered":"Programaci\u00f3n"},"content":{"rendered":"\t\t<div data-elementor-type=\"wp-page\" data-elementor-id=\"288\" class=\"elementor elementor-288\" data-elementor-post-type=\"page\">\n\t\t\t\t\t\t<section class=\"elementor-section elementor-top-section elementor-element elementor-element-455dfd7a elementor-section-full_width elementor-section-height-min-height elementor-section-height-default elementor-section-items-middle\" data-id=\"455dfd7a\" data-element_type=\"section\" data-settings=\"{&quot;background_background&quot;:&quot;classic&quot;,&quot;background_motion_fx_motion_fx_scrolling&quot;:&quot;yes&quot;,&quot;background_motion_fx_translateX_effect&quot;:&quot;yes&quot;,&quot;background_motion_fx_translateX_speed&quot;:{&quot;unit&quot;:&quot;px&quot;,&quot;size&quot;:4,&quot;sizes&quot;:[]},&quot;background_motion_fx_translateX_affectedRange&quot;:{&quot;unit&quot;:&quot;%&quot;,&quot;size&quot;:&quot;&quot;,&quot;sizes&quot;:{&quot;start&quot;:0,&quot;end&quot;:100}},&quot;background_motion_fx_devices&quot;:[&quot;desktop&quot;,&quot;tablet&quot;,&quot;mobile&quot;],&quot;_ha_eqh_enable&quot;:false}\">\n\t\t\t\t\t\t\t<div class=\"elementor-background-overlay\"><\/div>\n\t\t\t\t\t\t\t<div class=\"elementor-container elementor-column-gap-no\">\n\t\t\t\t\t<div class=\"elementor-column elementor-col-100 elementor-top-column elementor-element elementor-element-3138b2b\" data-id=\"3138b2b\" data-element_type=\"column\">\n\t\t\t<div class=\"elementor-widget-wrap elementor-element-populated\">\n\t\t\t\t\t\t<section class=\"elementor-section elementor-inner-section elementor-element elementor-element-3ea61b89 elementor-section-boxed elementor-section-height-default elementor-section-height-default\" data-id=\"3ea61b89\" data-element_type=\"section\" data-settings=\"{&quot;_ha_eqh_enable&quot;:false}\">\n\t\t\t\t\t\t<div class=\"elementor-container elementor-column-gap-default\">\n\t\t\t\t\t<div class=\"elementor-column elementor-col-100 elementor-inner-column elementor-element elementor-element-1bf898c6\" data-id=\"1bf898c6\" data-element_type=\"column\">\n\t\t\t<div class=\"elementor-widget-wrap elementor-element-populated\">\n\t\t\t\t\t\t<div class=\"elementor-element elementor-element-6c3a1404 elementor-invisible elementor-widget elementor-widget-heading\" data-id=\"6c3a1404\" data-element_type=\"widget\" data-settings=\"{&quot;_animation&quot;:&quot;fadeInLeft&quot;}\" data-widget_type=\"heading.default\">\n\t\t\t\t<div class=\"elementor-widget-container\">\n\t\t\t<h1 class=\"elementor-heading-title elementor-size-xl\">Programaci\u00f3n<\/h1>\t\t<\/div>\n\t\t\t\t<\/div>\n\t\t\t\t\t<\/div>\n\t\t<\/div>\n\t\t\t\t\t<\/div>\n\t\t<\/section>\n\t\t\t\t\t<\/div>\n\t\t<\/div>\n\t\t\t\t\t<\/div>\n\t\t<\/section>\n\t\t\t\t<section class=\"elementor-section elementor-top-section elementor-element elementor-element-ee7f70c elementor-section-full_width elementor-section-height-default elementor-section-height-default\" data-id=\"ee7f70c\" data-element_type=\"section\" data-settings=\"{&quot;background_background&quot;:&quot;classic&quot;,&quot;_ha_eqh_enable&quot;:false}\">\n\t\t\t\t\t\t\t<div class=\"elementor-background-overlay\"><\/div>\n\t\t\t\t\t\t\t<div class=\"elementor-container elementor-column-gap-default\">\n\t\t\t\t\t<div class=\"elementor-column elementor-col-100 elementor-top-column elementor-element elementor-element-a25c35b\" data-id=\"a25c35b\" data-element_type=\"column\">\n\t\t\t<div class=\"elementor-widget-wrap elementor-element-populated\">\n\t\t\t\t\t\t<div class=\"elementor-element elementor-element-d7c1cac elementor-invisible elementor-widget elementor-widget-shortcode\" data-id=\"d7c1cac\" data-element_type=\"widget\" data-settings=\"{&quot;_animation&quot;:&quot;fadeInLeft&quot;}\" data-widget_type=\"shortcode.default\">\n\t\t\t\t<div class=\"elementor-widget-container\">\n\t\t\t\t\t<div class=\"elementor-shortcode\"><div class=\"_df_book df-lite\" id=\"df_1416\"  _slug=\"programa\" data-title=\"programa\" wpoptions=\"true\" thumb=\"https:\/\/icultur.gov.co\/Festijazzmompox2024\/wp-content\/uploads\/2024\/09\/FestiJAZZ_AFICHE_oficial_01.jpg\" thumbtype=\"\" ><\/div><script class=\"df-shortcode-script\" type=\"application\/javascript\">window.option_df_1416 = {\"outline\":[],\"backgroundColor\":\"#00FF0000\",\"autoEnableOutline\":\"false\",\"autoEnableThumbnail\":\"false\",\"overwritePDFOutline\":\"false\",\"enableDownload\":\"false\",\"direction\":\"1\",\"pageSize\":\"0\",\"source\":[\"https:\\\/\\\/icultur.gov.co\\\/Festijazzmompox2024\\\/wp-content\\\/uploads\\\/2024\\\/09\\\/FestiJAZZ_AFICHE_oficial_01.jpg\",\"https:\\\/\\\/icultur.gov.co\\\/Festijazzmompox2024\\\/wp-content\\\/uploads\\\/2024\\\/09\\\/Programacion-Jazz_2-01.png\",\"https:\\\/\\\/icultur.gov.co\\\/Festijazzmompox2024\\\/wp-content\\\/uploads\\\/2024\\\/09\\\/Programacion-Jazz_2-02.png\",\"https:\\\/\\\/icultur.gov.co\\\/Festijazzmompox2024\\\/wp-content\\\/uploads\\\/2024\\\/09\\\/Programacion-Jazz_2-03.png\",\"https:\\\/\\\/icultur.gov.co\\\/Festijazzmompox2024\\\/wp-content\\\/uploads\\\/2024\\\/09\\\/Programacion-Jazz_2-04.png\",\"https:\\\/\\\/icultur.gov.co\\\/Festijazzmompox2024\\\/wp-content\\\/uploads\\\/2024\\\/09\\\/FestiJazz_logo-13.png\",\"https:\\\/\\\/icultur.gov.co\\\/Festijazzmompox2024\\\/wp-content\\\/uploads\\\/2024\\\/09\\\/FestiJazz_logo-14.png\",\"https:\\\/\\\/icultur.gov.co\\\/Festijazzmompox2024\\\/wp-content\\\/uploads\\\/2024\\\/09\\\/FestiJazz_LOGO_FINALES_1.jpg\",\"https:\\\/\\\/icultur.gov.co\\\/Festijazzmompox2024\\\/wp-content\\\/uploads\\\/2024\\\/09\\\/FestiJazz_logo-16.png\"],\"wpOptions\":\"true\",\"links\":[[],[],[],[],[],[],[],[],[],[]]}; if(window.DFLIP && window.DFLIP.parseBooks){window.DFLIP.parseBooks();}<\/script><\/div>\n\t\t\t\t<\/div>\n\t\t\t\t<\/div>\n\t\t\t\t<div class=\"elementor-element elementor-element-b0af26e elementor-tablet-align-center elementor-align-center elementor-invisible elementor-widget elementor-widget-button\" data-id=\"b0af26e\" data-element_type=\"widget\" data-settings=\"{&quot;_animation&quot;:&quot;pulse&quot;}\" data-widget_type=\"button.default\">\n\t\t\t\t<div class=\"elementor-widget-container\">\n\t\t\t\t\t<div class=\"elementor-button-wrapper\">\n\t\t\t<a class=\"elementor-button elementor-button-link elementor-size-sm\" href=\"https:\/\/icultur.gov.co\/Festijazzmompox2024\/wp-content\/uploads\/2024\/09\/Programacion_FESTIJAZZ-2_compressed-1.pdf\" target=\"_blank\" download=\"\">\n\t\t\t\t\t\t<span class=\"elementor-button-content-wrapper\">\n\t\t\t\t\t\t<span class=\"elementor-button-icon\">\n\t\t\t\t<i aria-hidden=\"true\" class=\"fas fa-download\"><\/i>\t\t\t<\/span>\n\t\t\t\t\t\t\t\t\t<span class=\"elementor-button-text\">Descargar Programaci\u00f3n<\/span>\n\t\t\t\t\t<\/span>\n\t\t\t\t\t<\/a>\n\t\t<\/div>\n\t\t\t\t<\/div>\n\t\t\t\t<\/div>\n\t\t\t\t\t<\/div>\n\t\t<\/div>\n\t\t\t\t\t<\/div>\n\t\t<\/section>\n\t\t\t\t<\/div>\n\t\t","protected":false},"excerpt":{"rendered":"<p>Programaci\u00f3n Descargar Programaci\u00f3n<\/p>\n","protected":false},"author":1,"featured_media":0,"parent":0,"menu_order":0,"comment_status":"closed","ping_status":"closed","template":"","meta":{"om_disable_all_campaigns":false,"_monsterinsights_skip_tracking":false,"_monsterinsights_sitenote_active":false,"_monsterinsights_sitenote_note":"","_monsterinsights_sitenote_category":0,"site-sidebar-layout":"default","site-content-layout":"","ast-site-content-layout":"","site-content-style":"default","site-sidebar-style":"default","ast-global-header-display":"","ast-banner-title-visibility":"","ast-main-header-display":"","ast-hfb-above-header-display":"","ast-hfb-below-header-display":"","ast-hfb-mobile-header-display":"","site-post-title":"","ast-breadcrumbs-content":"","ast-featured-img":"","footer-sml-layout":"","theme-transparent-header-meta":"","adv-header-id-meta":"","stick-header-meta":"","header-above-stick-meta":"","header-main-stick-meta":"","header-below-stick-meta":"","astra-migrate-meta-layouts":"default","ast-page-background-enabled":"default","ast-page-background-meta":{"desktop":{"background-color":"var(--ast-global-color-4)","background-image":"","background-repeat":"repeat","background-position":"center center","background-size":"auto","background-attachment":"scroll","background-type":"","background-media":"","overlay-type":"","overlay-color":"","overlay-opacity":"","overlay-gradient":""},"tablet":{"background-color":"","background-image":"","background-repeat":"repeat","background-position":"center center","background-size":"auto","background-attachment":"scroll","background-type":"","background-media":"","overlay-type":"","overlay-color":"","overlay-opacity":"","overlay-gradient":""},"mobile":{"background-color":"","background-image":"","background-repeat":"repeat","background-position":"center center","background-size":"auto","background-attachment":"scroll","background-type":"","background-media":"","overlay-type":"","overlay-color":"","overlay-opacity":"","overlay-gradient":""}},"ast-content-background-meta":{"desktop":{"background-color":"var(--ast-global-color-5)","background-image":"","background-repeat":"repeat","background-position":"center center","background-size":"auto","background-attachment":"scroll","background-type":"","background-media":"","overlay-type":"","overlay-color":"","overlay-opacity":"","overlay-gradient":""},"tablet":{"background-color":"var(--ast-global-color-5)","background-image":"","background-repeat":"repeat","background-position":"center center","background-size":"auto","background-attachment":"scroll","background-type":"","background-media":"","overlay-type":"","overlay-color":"","overlay-opacity":"","overlay-gradient":""},"mobile":{"background-color":"var(--ast-global-color-5)","background-image":"","background-repeat":"repeat","background-position":"center center","background-size":"auto","background-attachment":"scroll","background-type":"","background-media":"","overlay-type":"","overlay-color":"","overlay-opacity":"","overlay-gradient":""}},"footnotes":""},"class_list":["post-288","page","type-page","status-publish","hentry"],"yoast_head":"<!-- This site is optimized with the Yoast SEO plugin v23.6 - https:\/\/yoast.com\/wordpress\/plugins\/seo\/ -->\n<title>Programaci\u00f3n - Festijazz mompox<\/title>\n<meta name=\"robots\" content=\"index, follow, max-snippet:-1, max-image-preview:large, max-video-preview:-1\" \/>\n<link rel=\"canonical\" href=\"https:\/\/icultur.gov.co\/Festijazzmompox2024\/programacion\/\" \/>\n<meta property=\"og:locale\" content=\"es_ES\" \/>\n<meta property=\"og:type\" content=\"article\" \/>\n<meta property=\"og:title\" content=\"Programaci\u00f3n - Festijazz mompox\" \/>\n<meta property=\"og:description\" content=\"Programaci\u00f3n Descargar Programaci\u00f3n\" \/>\n<meta property=\"og:url\" content=\"https:\/\/icultur.gov.co\/Festijazzmompox2024\/programacion\/\" \/>\n<meta property=\"og:site_name\" content=\"Festijazz mompox\" \/>\n<meta property=\"article:modified_time\" content=\"2024-09-11T20:30:35+00:00\" \/>\n<meta property=\"og:image\" content=\"https:\/\/icultur.gov.co\/Festijazzmompox2024\/wp-content\/uploads\/2024\/09\/JAZZ-WEB-03.png\" \/>\n\t<meta property=\"og:image:width\" content=\"834\" \/>\n\t<meta property=\"og:image:height\" content=\"209\" \/>\n\t<meta property=\"og:image:type\" content=\"image\/png\" \/>\n<meta name=\"twitter:card\" content=\"summary_large_image\" \/>\n<script type=\"application\/ld+json\" class=\"yoast-schema-graph\">{\"@context\":\"https:\/\/schema.org\",\"@graph\":[{\"@type\":\"WebPage\",\"@id\":\"https:\/\/icultur.gov.co\/Festijazzmompox2024\/programacion\/\",\"url\":\"https:\/\/icultur.gov.co\/Festijazzmompox2024\/programacion\/\",\"name\":\"Programaci\u00f3n - Festijazz mompox\",\"isPartOf\":{\"@id\":\"https:\/\/icultur.gov.co\/Festijazzmompox2024\/#website\"},\"datePublished\":\"2024-08-27T16:36:17+00:00\",\"dateModified\":\"2024-09-11T20:30:35+00:00\",\"breadcrumb\":{\"@id\":\"https:\/\/icultur.gov.co\/Festijazzmompox2024\/programacion\/#breadcrumb\"},\"inLanguage\":\"es\",\"potentialAction\":[{\"@type\":\"ReadAction\",\"target\":[\"https:\/\/icultur.gov.co\/Festijazzmompox2024\/programacion\/\"]}]},{\"@type\":\"BreadcrumbList\",\"@id\":\"https:\/\/icultur.gov.co\/Festijazzmompox2024\/programacion\/#breadcrumb\",\"itemListElement\":[{\"@type\":\"ListItem\",\"position\":1,\"name\":\"Portada\",\"item\":\"https:\/\/icultur.gov.co\/Festijazzmompox2024\/\"},{\"@type\":\"ListItem\",\"position\":2,\"name\":\"Programaci\u00f3n\"}]},{\"@type\":\"WebSite\",\"@id\":\"https:\/\/icultur.gov.co\/Festijazzmompox2024\/#website\",\"url\":\"https:\/\/icultur.gov.co\/Festijazzmompox2024\/\",\"name\":\"Festijazz mompox\",\"description\":\"El festival de Jazz se desarrolla en el mismo escenario incomparable de Mompox, con una ciudad que parece haberse detenido en el tiempo. Con sus calles empedradas y casas de colores, Mompox se enorgullece de ser declarado Patrimonio de la humanidad por la UNESCO debido a su arquitectura colonial conservada desde la \u00e9poca de la conquista espa\u00f1ola.\",\"publisher\":{\"@id\":\"https:\/\/icultur.gov.co\/Festijazzmompox2024\/#organization\"},\"potentialAction\":[{\"@type\":\"SearchAction\",\"target\":{\"@type\":\"EntryPoint\",\"urlTemplate\":\"https:\/\/icultur.gov.co\/Festijazzmompox2024\/?s={search_term_string}\"},\"query-input\":{\"@type\":\"PropertyValueSpecification\",\"valueRequired\":true,\"valueName\":\"search_term_string\"}}],\"inLanguage\":\"es\"},{\"@type\":\"Organization\",\"@id\":\"https:\/\/icultur.gov.co\/Festijazzmompox2024\/#organization\",\"name\":\"Festijazz mompox\",\"url\":\"https:\/\/icultur.gov.co\/Festijazzmompox2024\/\",\"logo\":{\"@type\":\"ImageObject\",\"inLanguage\":\"es\",\"@id\":\"https:\/\/icultur.gov.co\/Festijazzmompox2024\/#\/schema\/logo\/image\/\",\"url\":\"https:\/\/icultur.gov.co\/Festijazzmompox2024\/wp-content\/uploads\/2024\/09\/FestiJAZZ_AFICHE_oficial_01.jpg\",\"contentUrl\":\"https:\/\/icultur.gov.co\/Festijazzmompox2024\/wp-content\/uploads\/2024\/09\/FestiJAZZ_AFICHE_oficial_01.jpg\",\"width\":1080,\"height\":1350,\"caption\":\"Festijazz mompox\"},\"image\":{\"@id\":\"https:\/\/icultur.gov.co\/Festijazzmompox2024\/#\/schema\/logo\/image\/\"}}]}<\/script>\n<!-- \/ Yoast SEO plugin. -->","yoast_head_json":{"title":"Programaci\u00f3n - Festijazz mompox","robots":{"index":"index","follow":"follow","max-snippet":"max-snippet:-1","max-image-preview":"max-image-preview:large","max-video-preview":"max-video-preview:-1"},"canonical":"https:\/\/icultur.gov.co\/Festijazzmompox2024\/programacion\/","og_locale":"es_ES","og_type":"article","og_title":"Programaci\u00f3n - Festijazz mompox","og_description":"Programaci\u00f3n Descargar Programaci\u00f3n","og_url":"https:\/\/icultur.gov.co\/Festijazzmompox2024\/programacion\/","og_site_name":"Festijazz mompox","article_modified_time":"2024-09-11T20:30:35+00:00","og_image":[{"width":834,"height":209,"url":"https:\/\/icultur.gov.co\/Festijazzmompox2024\/wp-content\/uploads\/2024\/09\/JAZZ-WEB-03.png","type":"image\/png"}],"twitter_card":"summary_large_image","schema":{"@context":"https:\/\/schema.org","@graph":[{"@type":"WebPage","@id":"https:\/\/icultur.gov.co\/Festijazzmompox2024\/programacion\/","url":"https:\/\/icultur.gov.co\/Festijazzmompox2024\/programacion\/","name":"Programaci\u00f3n - Festijazz mompox","isPartOf":{"@id":"https:\/\/icultur.gov.co\/Festijazzmompox2024\/#website"},"datePublished":"2024-08-27T16:36:17+00:00","dateModified":"2024-09-11T20:30:35+00:00","breadcrumb":{"@id":"https:\/\/icultur.gov.co\/Festijazzmompox2024\/programacion\/#breadcrumb"},"inLanguage":"es","potentialAction":[{"@type":"ReadAction","target":["https:\/\/icultur.gov.co\/Festijazzmompox2024\/programacion\/"]}]},{"@type":"BreadcrumbList","@id":"https:\/\/icultur.gov.co\/Festijazzmompox2024\/programacion\/#breadcrumb","itemListElement":[{"@type":"ListItem","position":1,"name":"Portada","item":"https:\/\/icultur.gov.co\/Festijazzmompox2024\/"},{"@type":"ListItem","position":2,"name":"Programaci\u00f3n"}]},{"@type":"WebSite","@id":"https:\/\/icultur.gov.co\/Festijazzmompox2024\/#website","url":"https:\/\/icultur.gov.co\/Festijazzmompox2024\/","name":"Festijazz mompox","description":"El festival de Jazz se desarrolla en el mismo escenario incomparable de Mompox, con una ciudad que parece haberse detenido en el tiempo. Con sus calles empedradas y casas de colores, Mompox se enorgullece de ser declarado Patrimonio de la humanidad por la UNESCO debido a su arquitectura colonial conservada desde la \u00e9poca de la conquista espa\u00f1ola.","publisher":{"@id":"https:\/\/icultur.gov.co\/Festijazzmompox2024\/#organization"},"potentialAction":[{"@type":"SearchAction","target":{"@type":"EntryPoint","urlTemplate":"https:\/\/icultur.gov.co\/Festijazzmompox2024\/?s={search_term_string}"},"query-input":{"@type":"PropertyValueSpecification","valueRequired":true,"valueName":"search_term_string"}}],"inLanguage":"es"},{"@type":"Organization","@id":"https:\/\/icultur.gov.co\/Festijazzmompox2024\/#organization","name":"Festijazz mompox","url":"https:\/\/icultur.gov.co\/Festijazzmompox2024\/","logo":{"@type":"ImageObject","inLanguage":"es","@id":"https:\/\/icultur.gov.co\/Festijazzmompox2024\/#\/schema\/logo\/image\/","url":"https:\/\/icultur.gov.co\/Festijazzmompox2024\/wp-content\/uploads\/2024\/09\/FestiJAZZ_AFICHE_oficial_01.jpg","contentUrl":"https:\/\/icultur.gov.co\/Festijazzmompox2024\/wp-content\/uploads\/2024\/09\/FestiJAZZ_AFICHE_oficial_01.jpg","width":1080,"height":1350,"caption":"Festijazz mompox"},"image":{"@id":"https:\/\/icultur.gov.co\/Festijazzmompox2024\/#\/schema\/logo\/image\/"}}]}},"_links":{"self":[{"href":"https:\/\/icultur.gov.co\/Festijazzmompox2024\/wp-json\/wp\/v2\/pages\/288","targetHints":{"allow":["GET"]}}],"collection":[{"href":"https:\/\/icultur.gov.co\/Festijazzmompox2024\/wp-json\/wp\/v2\/pages"}],"about":[{"href":"https:\/\/icultur.gov.co\/Festijazzmompox2024\/wp-json\/wp\/v2\/types\/page"}],"author":[{"embeddable":true,"href":"https:\/\/icultur.gov.co\/Festijazzmompox2024\/wp-json\/wp\/v2\/users\/1"}],"replies":[{"embeddable":true,"href":"https:\/\/icultur.gov.co\/Festijazzmompox2024\/wp-json\/wp\/v2\/comments?post=288"}],"version-history":[{"count":128,"href":"https:\/\/icultur.gov.co\/Festijazzmompox2024\/wp-json\/wp\/v2\/pages\/288\/revisions"}],"predecessor-version":[{"id":1657,"href":"https:\/\/icultur.gov.co\/Festijazzmompox2024\/wp-json\/wp\/v2\/pages\/288\/revisions\/1657"}],"wp:attachment":[{"href":"https:\/\/icultur.gov.co\/Festijazzmompox2024\/wp-json\/wp\/v2\/media?parent=288"}],"curies":[{"name":"wp","href":"https:\/\/api.w.org\/{rel}","templated":true}]}}